{"id":100000000000465,"date":"2018-10-22T11:04:06","date_gmt":"2018-10-22T09:04:06","guid":{"rendered":"https:\/\/imobiliare-herastrau.ro\/?page_id=100000000000465"},"modified":"2018-10-24T10:54:44","modified_gmt":"2018-10-24T08:54:44","slug":"politica-de-cookies","status":"publish","type":"page","link":"https:\/\/imobiliare-herastrau.ro\/en\/politica-de-cookies\/","title":{"rendered":"Politica de cookies"},"content":{"rendered":"<h1>Politica de cookies<\/h1>\n<h2>Ce sunt cookie-urile<\/h2>\n<p>A\u0219a cum este practica obi\u0219nuit\u0103 cu aproape toate site-urile profesionale, acest site utilizeaz\u0103 module cookie, care sunt fi\u0219iere mici desc\u0103rcate pe computer, pentru a v\u0103 \u00eembun\u0103t\u0103\u021bi experien\u021ba. Aceast\u0103 pagin\u0103 descrie informa\u021biile pe care le colecteaz\u0103, modul \u00een care o folosim \u0219i de ce uneori trebuie s\u0103 stoc\u0103m aceste cookie-uri. Vom \u00eemp\u0103rt\u0103\u0219i, de asemenea, modul \u00een care pute\u021bi \u00eempiedica stocarea acestor cookie-uri, \u00eens\u0103 aceasta \u00eenterupe func\u021bionalitatea anumitor module ale site-ului. Pentru mai multe informa\u021bii generale despre modulele cookie, consulta\u021bi articolul Wikipedia despre cookie-urile HTTP.<\/p>\n<h2>Cum folosim cookie-urile<\/h2>\n<p>Utiliz\u0103m cookie-urile pentru mai multe motive detaliate mai jos. Din p\u0103cate, \u00een majoritatea cazurilor, nu exist\u0103 op\u021biuni standard pentru dezactivarea cookie-urilor f\u0103r\u0103 a dezactiva complet sau par\u021bial func\u021bionalit\u0103\u021bile acesui site.<\/p>\n<h2>Dezactivarea modulelor cookie<\/h2>\n<p>Pute\u021bi preveni stocarea cookie-urilor prin ajustarea set\u0103rilor din browserul dvs. (consulta\u021bi asisten\u021ba browserului dvs. pentru a face acest lucru). Re\u021bine\u021bi c\u0103 dezactivarea cookie-urilor va afecta func\u021bionalitatea acestui site \u0219i multe alte site-uri pe care le vizita\u021bi. Dezactivarea cookie-urilor va duce, de obicei, la dezactivarea anumitor func\u021bionalit\u0103\u021bi \u0219i func\u021bii ale acestui site. Prin urmare, este recomandat s\u0103 nu dezactiva\u021bi modulele cookie.<\/p>\n<h2>Folosim Cookie-uri pentru<\/h2>\n<ol>\n<li><strong>Buletine informative de tip newsletter<\/strong><\/li>\n<\/ol>\n<p>Acest site ofer\u0103 servicii de abonare la buletine de \u0219tiri prin e-mail, iar modulele cookie pot fi folosite pentru a v\u0103 reaminti dac\u0103 sunte\u021bi deja \u00eenregistrat \u0219i dac\u0103 dori\u021bi s\u0103 afi\u0219a\u021bi anumite notific\u0103ri care ar putea fi valide doar pentru utilizatorii abona\u021bi.<\/p>\n<ol start=\"2\">\n<li><strong>Sondaje legate de cookie-uri<\/strong><\/li>\n<\/ol>\n<p>Din c\u00e2nd \u00een c\u00e2nd, oferim anchete online \u0219i chestionare pentru a v\u0103 oferi informa\u021bii interesante, instrumente utile sau pentru a \u00een\u021belege mai bine preferin\u021bele utilizatorilor. Aceste anchete pot utiliza cookie-uri pentru a v\u0103 aminti cine a participat deja la un sondaj sau pentru a v\u0103 oferi rezultate corecte despre rezultate acestor sondaje.<\/p>\n<ol start=\"3\">\n<li><strong>Formulare de contact online<\/strong><\/li>\n<\/ol>\n<p>C\u00e2nd trimite\u021bi date print-un formular, cum ar fi cele g\u0103site \u00een paginile de contact sau formularele de comentarii, modulele cookie pot fi setate pentru a v\u0103 aminti detaliile utilizatorului pentru coresponden\u021b\u0103 viitoare.<\/p>\n<ol start=\"4\">\n<li>Cookie-urile de remarketing.<\/li>\n<\/ol>\n<p>Folosim <strong>Etichetele de remarketing<\/strong> care nu pot fi asociate informa\u021biilor de identificare personal\u0103 pentru a oferi utilizatorilor ofertele de care au nevoie.\u00a0Remarketingul este un mod inteligent de a ne conecta cu vizitatorii site-ului web, care nu au f\u0103cut o achizi\u021bie imediat\u0103. Folosim remarketing pentru a pozitiona anun\u021buri direc\u021bionate \u00een fa\u021ba unui public definit care a vizitat anterior site-ul &#8211; \u00een timp ce navigheaz\u0103 \u00een alt\u0103 parte pe internet.<\/p>\n<ol start=\"5\">\n<li><strong>Cookie-urile c\u0103tre ter\u021b\u0103 parte<\/strong><\/li>\n<\/ol>\n<p>\u00cen unele cazuri speciale folosim de asemenea cookie-uri furnizate de ter\u021be p\u0103r\u021bi de \u00eencredere. Urm\u0103toarea sec\u021biune detaliaz\u0103 care sunt cookie-urile ter\u021b\u0103 parte pe care le-a\u021bi putea \u00eent\u00e2lni prin acest site.<\/p>\n<p>Acest site utilizeaz\u0103 Google Analytics, una dintre cele mai r\u0103sp\u00e2ndite \u0219i mai sigure solu\u021bii de analiz\u0103 de pe web, pentru a ne ajuta s\u0103 \u00een\u021belegem modul \u00een care utiliza\u021bi site-ul \u0219i modalit\u0103\u021bile prin care v\u0103 putem \u00eembun\u0103t\u0103\u021bi experien\u021ba. Aceste cookie-uri pot urm\u0103ri lucruri precum durata petrecut\u0103 pe site \u0219i paginile pe care le vizita\u021bi, astfel \u00eenc\u00e2t s\u0103 putem continua s\u0103 furniz\u0103m con\u021binut interesant.<\/p>\n<p>Pentru mai multe informa\u021bii despre cookie-urile Google Analytics, consulta\u021bi pagina oficial\u0103 Google Analytics.<\/p>\n<p>Din c\u00e2nd \u00een c\u00e2nd, \u00eencerc\u0103m module noi \u0219i facem modific\u0103ri subtile ale modului \u00een care site-ul este afi\u0219at utilizatorilor nostri. Atunci c\u00e2nd apela\u021bi func\u021bii noi, aceste cookie-uri pot fi utilizate pentru a v\u0103 asigura c\u0103 beneficia\u021bi de o experien\u021b\u0103 consistent\u0103 \u00een timp ce v\u0103 afla\u021bi pe site, asigur\u00e2ndu-v\u0103 \u00een acela\u0219i timp c\u0103 \u00een\u021belegem ce optimiz\u0103ri apreciaz\u0103 cel mai mult utilizatorii no\u0219tri.<\/p>\n<p>Pe m\u0103sur\u0103 ce vindem servicii, este important s\u0103 \u00een\u021belegem statisticile despre num\u0103rul de vizitatori pe site-ul nostru care fac efectiv o achizi\u021bie \u0219i, ca atare, acesta este tipul de date pe care aceste cookie-uri le vor urm\u0103ri. Acest lucru este important pentru dvs., deoarece \u00eenseamn\u0103 c\u0103 putem s\u0103 facem cu exactitate previziuni de afaceri care s\u0103 ne permit\u0103 s\u0103 monitoriz\u0103m costurile de publicitate \u0219i de produs pentru a v\u0103 asigura cel mai bun pre\u021b posibil.<\/p>\n<p>Utiliz\u0103m anun\u021buri pentru a compensa costurile de rulare a acestui site \u0219i pentru a oferi finan\u021bare pentru dezvoltarea ulterioar\u0103. Cookie-urile de publicitate comportamental\u0103 utilizate de acest site sunt concepute astfel \u00eenc\u00e2t s\u0103 v\u0103 asigur\u0103m c\u0103 v\u0103 oferim cele mai relevante anun\u021buri acolo unde este posibil prin urm\u0103rirea anonim\u0103 a intereselor \u0219i prezentarea unor lucruri similare care ar putea fi de interes.<\/p>\n<p>De asemenea, folosim butoane \u0219i \/ sau pluginuri de social media pe acest site care v\u0103 permit s\u0103 v\u0103 conecta\u021bi cu re\u021beaua social\u0103 \u00een diferite moduri. Pentru ca acestea s\u0103 func\u021bioneze urm\u0103toarele site-uri media sociale: facebook, twitter, google+, youtube, pinterest vor seta cookie-uri prin site-ul nostru, care pot fi utilizate pentru a \u00eembun\u0103t\u0103\u021bi profilul dvs. pe site-ul lor sau pentru a contribui la datele pe care le de\u021bin pentru diferite scopuri prezentate \u00een politicile lor de confiden\u021bialitate.<\/p>\n<p>Mai multe informatii<\/p>\n<p>Sper\u0103m c\u0103 am clarificat lucrurile pentru dvs. \u0219i a\u0219a cum a fost men\u021bionat anterior este mai sigur s\u0103 l\u0103sa\u021bi cookie-urile activate \u00een cazul \u00een care nu interac\u021bioneaz\u0103 cu una dintre func\u021biile pe care le utiliza\u021bi pe site-ul nostru.<\/p>\n<p>Cu toate acestea, dac\u0103 mai dori\u021bi s\u0103 v\u0103 oferim detalii, ne pute\u021bi <a href=\"https:\/\/imobiliare-herastrau.ro\/contact\/\">contacta.<\/a><strong><br \/>\n<\/strong><\/p>\n<p>&nbsp;<\/p>\n<p style=\"text-align: right;\">Acest document a fost actualizat ultima dat\u0103 pe 3 octombrie 2018<\/p>\n<p>&nbsp;<\/p>\n","protected":false},"excerpt":{"rendered":"<p>Politica de cookies Ce sunt cookie-urile A\u0219a cum este practica obi\u0219nuit\u0103 cu aproape toate site-urile profesionale, acest site utilizeaz\u0103 module cookie, care sunt fi\u0219iere mici desc\u0103rcate pe computer, pentru a v\u0103 \u00eembun\u0103t\u0103\u021bi experien\u021ba. Aceast\u0103 pagin\u0103 descrie informa\u021biile pe care le colecteaz\u0103, modul \u00een care o folosim \u0219i de ce uneori trebuie s\u0103 stoc\u0103m aceste cookie-uri. [&hellip;]<\/p>\n","protected":false},"author":2,"featured_media":0,"parent":0,"menu_order":0,"comment_status":"closed","ping_status":"closed","template":"page-templates\/full-width.php","meta":[],"_links":{"self":[{"href":"https:\/\/imobiliare-herastrau.ro\/en\/wp-json\/wp\/v2\/pages\/100000000000465"}],"collection":[{"href":"https:\/\/imobiliare-herastrau.ro\/en\/wp-json\/wp\/v2\/pages"}],"about":[{"href":"https:\/\/imobiliare-herastrau.ro\/en\/wp-json\/wp\/v2\/types\/page"}],"author":[{"embeddable":true,"href":"https:\/\/imobiliare-herastrau.ro\/en\/wp-json\/wp\/v2\/users\/2"}],"replies":[{"embeddable":true,"href":"https:\/\/imobiliare-herastrau.ro\/en\/wp-json\/wp\/v2\/comments?post=100000000000465"}],"version-history":[{"count":0,"href":"https:\/\/imobiliare-herastrau.ro\/en\/wp-json\/wp\/v2\/pages\/100000000000465\/revisions"}],"wp:attachment":[{"href":"https:\/\/imobiliare-herastrau.ro\/en\/wp-json\/wp\/v2\/media?parent=100000000000465"}],"curies":[{"name":"wp","href":"https:\/\/api.w.org\/{rel}","templated":true}]}}