{"id":100000000000468,"date":"2018-10-22T11:51:11","date_gmt":"2018-10-22T09:51:11","guid":{"rendered":"https:\/\/imobiliare-herastrau.ro\/?page_id=100000000000468"},"modified":"2018-10-23T10:56:02","modified_gmt":"2018-10-23T08:56:02","slug":"termeni-si-conditii","status":"publish","type":"page","link":"https:\/\/imobiliare-herastrau.ro\/en\/termeni-si-conditii\/","title":{"rendered":"Termeni si conditii"},"content":{"rendered":"<h1>Termeni si conditii<\/h1>\n<p>Ace\u0219ti termeni \u0219i condi\u021bii (&#8220;Termeni&#8221;, &#8220;Contract&#8221;) reprezint\u0103 un acord \u00eentre Operatorul de Site (&#8220;Operatorul Website&#8221;, &#8220;Noi&#8221;, sau &#8220;https:\/\/imobiliare-herastrau.ro\u201e) si Utilizatorul website-ului https:\/\/imobiliare-herastrau.ro\/. Prezentul Acord stabile\u0219te termenii \u0219i condi\u021biile generale ale utiliz\u0103rii de c\u0103tre dvs. a site-ului https:\/\/imobiliare-herastrau.ro\/ \u0219i a oric\u0103ror produse sau servicii (denumite colectiv &#8220;Site-ul&#8221; sau &#8220;Servicii&#8221;).<\/p>\n<h2>Conturi \u0219i membri<\/h2>\n<p>Dac\u0103 crea\u021bi un cont pe site-ul Web, sunte\u021bi responsabil pentru p\u0103strarea securit\u0103\u021bii contului dvs. \u0219i sunte\u021bi pe deplin responsabil pentru toate activit\u0103\u021bile care apar \u00een cadrul contului \u0219i orice alte ac\u021biuni \u00eentreprinse \u00een leg\u0103tur\u0103 cu acesta. Furnizarea de informa\u021bii false de contact de orice fel poate duce la terminarea contului. Trebuie s\u0103 ne anun\u021ba\u021bi imediat orice utilizare neautorizat\u0103 a contului dvs. sau orice alte \u00eenc\u0103lc\u0103ri ale securit\u0103\u021bii. Nu vom fi r\u0103spunz\u0103tori pentru niciun fel de acte sau omisiuni de c\u0103tre dvs., inclusiv orice daune de orice natur\u0103 cauzate ca urmare a unor astfel de acte sau omisiuni. Este posibil s\u0103 suspend\u0103m, s\u0103 dezactiv\u0103m sau s\u0103 \u0219tergem contul dvs. (sau orice parte a acestuia) dac\u0103 constat\u0103m c\u0103 a\u021bi \u00eenc\u0103lcat orice prevedere a acestui Acord sau c\u0103 comportamentul sau con\u021binutul dvs. ar duce la deteriorarea reputa\u021biei \u0219i a bun\u0103voin\u021bei noastre. Dac\u0103 \u0219tergem contul dvs. din motivele anterioare, este posibil s\u0103 nu v\u0103 mai puteti re\u00eenregistra pentru serviciile noastre. Este posibil s\u0103 bloc\u0103m adresa dvs. de e-mail \u0219i adresa de protocol Internet pentru a \u00eempiedica \u00eenregistrarea ulterioar\u0103.<\/p>\n<h2>Copiile de rezerv\u0103<\/h2>\n<p>Nu suntem responsabili pentru con\u021binutul care se afl\u0103 pe site. \u00cen nici un caz nu vom fi tra\u0219i la r\u0103spundere pentru pierderea oric\u0103rui Con\u021binut. Este responsabilitatea dvs. exclusiv\u0103 s\u0103 p\u0103stra\u021bi o copie de rezerv\u0103 corespunz\u0103toare a con\u021binutului dvs. \u00cen ciuda celor de mai sus, \u00een anumite situa\u021bii \u0219i \u00een anumite circumstan\u021be, f\u0103r\u0103 absolut nicio obliga\u021bie, este posibil s\u0103 reu\u0219im s\u0103 restauram unele sau toate datele dvs. \u0219terse la o anumit\u0103 dat\u0103 \u0219i la o dat\u0103 c\u00e2nd am putut crea date de rezerv\u0103 pentru propriile noastre scopuri. Nu garant\u0103m c\u0103 datele de care ave\u021bi nevoie vor fi disponibile.<\/p>\n<h2>Modific\u0103ri<\/h2>\n<p>Ne rezerv\u0103m dreptul de a modifica \u00een orice moment prezentul Acord sau politicile sale referitoare la site-ul web sau la serviciile acestuia, care sunt afisate. C\u00e2nd vom face, vom revizui data actualizat\u0103 \u00een partea de jos a acestei pagini. Utilizarea continu\u0103 a site-ului Web dup\u0103 orice astfel de modific\u0103ri va constitui consim\u021b\u0103m\u00e2ntul dvs. pentru astfel de modific\u0103ri.<\/p>\n<h2>Acceptarea acestor termini<strong><br \/>\n<\/strong><\/h2>\n<p>Recunoa\u0219te\u021bi c\u0103 a\u021bi citit acest Acord \u0219i sunte\u021bi de acord cu to\u021bi termenii \u0219i condi\u021biile acestuia. Prin utilizarea Site-ului sau a Serviciilor sale, sunte\u021bi de acord cu termenii acestui Acord. Dac\u0103 nu sunte\u021bi de acord s\u0103 respecta\u021bi termenii acestui Acord, nu sunte\u021bi autorizat s\u0103 utiliza\u021bi sau s\u0103 accesa\u021bi site-ul \u0219i serviciile acestuia.<\/p>\n<p style=\"text-align: right;\">Acest document a fost actualizat ultima dat\u0103 pe 3 octombrie 2018<\/p>\n","protected":false},"excerpt":{"rendered":"<p>Termeni si conditii Ace\u0219ti termeni \u0219i condi\u021bii (&#8220;Termeni&#8221;, &#8220;Contract&#8221;) reprezint\u0103 un acord \u00eentre Operatorul de Site (&#8220;Operatorul Website&#8221;, &#8220;Noi&#8221;, sau &#8220;https:\/\/imobiliare-herastrau.ro\u201e) si Utilizatorul website-ului https:\/\/imobiliare-herastrau.ro\/. Prezentul Acord stabile\u0219te termenii \u0219i condi\u021biile generale ale utiliz\u0103rii de c\u0103tre dvs. a site-ului https:\/\/imobiliare-herastrau.ro\/ \u0219i a oric\u0103ror produse sau servicii (denumite colectiv &#8220;Site-ul&#8221; sau &#8220;Servicii&#8221;). Conturi \u0219i membri Dac\u0103 [&hellip;]<\/p>\n","protected":false},"author":2,"featured_media":0,"parent":0,"menu_order":0,"comment_status":"closed","ping_status":"closed","template":"page-templates\/full-width.php","meta":[],"_links":{"self":[{"href":"https:\/\/imobiliare-herastrau.ro\/en\/wp-json\/wp\/v2\/pages\/100000000000468"}],"collection":[{"href":"https:\/\/imobiliare-herastrau.ro\/en\/wp-json\/wp\/v2\/pages"}],"about":[{"href":"https:\/\/imobiliare-herastrau.ro\/en\/wp-json\/wp\/v2\/types\/page"}],"author":[{"embeddable":true,"href":"https:\/\/imobiliare-herastrau.ro\/en\/wp-json\/wp\/v2\/users\/2"}],"replies":[{"embeddable":true,"href":"https:\/\/imobiliare-herastrau.ro\/en\/wp-json\/wp\/v2\/comments?post=100000000000468"}],"version-history":[{"count":0,"href":"https:\/\/imobiliare-herastrau.ro\/en\/wp-json\/wp\/v2\/pages\/100000000000468\/revisions"}],"wp:attachment":[{"href":"https:\/\/imobiliare-herastrau.ro\/en\/wp-json\/wp\/v2\/media?parent=100000000000468"}],"curies":[{"name":"wp","href":"https:\/\/api.w.org\/{rel}","templated":true}]}}