{"id":100000000000479,"date":"2018-10-22T12:00:33","date_gmt":"2018-10-22T10:00:33","guid":{"rendered":"https:\/\/imobiliare-herastrau.ro\/?page_id=100000000000479"},"modified":"2018-10-24T09:33:33","modified_gmt":"2018-10-24T07:33:33","slug":"politica-de-confidentialitate","status":"publish","type":"page","link":"https:\/\/imobiliare-herastrau.ro\/en\/politica-de-confidentialitate\/","title":{"rendered":"Politica de confidentialitate"},"content":{"rendered":"<h1>Politica de confidentialitate<\/h1>\n<p>Aceast\u0103 politic\u0103 de confiden\u021bialitate (&#8220;Politica&#8221;) descrie modul \u00een care Operatorul de Internet (&#8220;Site-ul operator&#8221;, &#8220;noi&#8221;, sau &#8220;https:\/\/imobiliare-herastrau.ro\/&#8221;) colecteaz\u0103, protejeaz\u0103 \u0219i utilizeaz\u0103 informa\u021biile personale de identificare ale utilizatorilor pe site-ul https:\/\/imobiliare-herastrau.ro\/ \u0219i pe oricare dintre produsele sau serviciile sale (colectiv &#8220;Site-ul&#8221; sau &#8220;Servicii&#8221;). De asemenea, descrie op\u021biunile pe care le ave\u021bi la dispozi\u021bie \u00een ceea ce prive\u0219te utilizarea informa\u021biilor dvs. personale \u0219i modul \u00een care pute\u021bi accesa \u0219i actualiza aceste informa\u021bii. Aceast\u0103 politic\u0103 nu se aplic\u0103 practicilor companiilor pe care nu le de\u021binem sau nu le controlam, nici persoanelor cu care colaboram.<\/p>\n<h2>Colectarea de informa\u021bii cu caracter personal<\/h2>\n<div>\u201dDatele cu caracter personal\u201d sunt definite de lege drept \u201dinforma\u021bii privind circumstan\u021bele materiale sau personale ale unei persoane fizice identificate sau identificabile.\u201d Datele personale ale utilizatorului vor fi colectate \u0219i prelucrate de <strong>herastrau.cromaticstudios.com<\/strong>\u00a0\u00een conformitate cu Regulamentul General privind Protec\u021bia Datelor (GDPR) UE 2016\/679. <strong>imobiliare-herastrau<\/strong>.ro colecteaz\u0103 \u0219i proceseaz\u0103 datele personale ale utilizatorilor pentru urm\u0103toarele scopuri:<\/div>\n<div>\n<ul>\n<li>pentru a raspunde la cererile legate de ofertele herastrau.cromaticstudios.com<\/li>\n<li>pentru a v\u0103 personaliza experien\u021ba de navigare pe site\u00a0 \u0219i \u00eembun\u0103t\u0103\u021bi serviciile oferite \u0219i con\u021binutul site-ului<\/li>\n<li>pentru a \u00eencheia \u0219i a executa contractul cu dvs. cum ar fi plasarea unei cereri sau utilizarea serviciilor noastre<\/li>\n<li>pentru a valida, trimite \u0219i factura comenazile dvs<\/li>\n<li>pentru a solu\u021biona cereri de orice natura legate de o comand\u0103<\/li>\n<li>pentru a interac\u021biona cu noi in orice alt mod, cum ar fi prin intermediul retelelor sociale, sa faceti click pe un anunt pe care il punem pe site-ul nostru sau al altcuiva<\/li>\n<li>\u00een scopuri statistice \u0219i de marketing;<\/li>\n<\/ul>\n<p><strong>Prin utilizarea serviciilor noastre, sunte\u021bi de acord cu utilizarea datelor dvs. personale \u00een conformitate cu aceast\u0103 Politic\u0103.<\/strong><\/p>\n<\/div>\n<div>\n<h2>Drepturile persoanei vizate in ceea ce priveste prelucrarea datelor<\/h2>\n<p>Persoana de contact: Lucian Dan &#8211; e-mail: office@herastrau.cromaticstudios.com Telefon: 0732 010 000<\/p>\n<p>Drepturile persoanei vizate in ceea ce priveste prelucrarea datelor In calitate de persoana vizata, aveti drepturi legale specifice legate de datele personale pe care le colectam de la dumneavoastra:<\/p>\n<ul>\n<li>Dreptul de a va retrage consimtamantul cu privire la prelucrare;<\/li>\n<li>Dreptul de avea acces la datele cu caracter personal prelucrate;<\/li>\n<li>Dreptul de a solicita rectificarea datelor cu caracter personal;<\/li>\n<li>Dreptul de a solicita stergerea datelor cu caracter personal;<\/li>\n<li>Dreptul de a solicita restrictionarea prelucrarii datelor cu caracter personal;<\/li>\n<li>Dreptul la portabilitatea datelor;<\/li>\n<li>Dreptul de a va opune cu privire la prelucrarea datelor;v Dreptul de a depune plangere in fata Autoritatii de Protectie a Datelor (ANSPDCP);<\/li>\n<li>Dreptul de a va adresa instantelor de judecata.<\/li>\n<\/ul>\n<h2>Colectarea de informa\u021bii cu caracter personal<\/h2>\n<p>Stocam toate informa\u021biile pe care le furniza\u021bi cu bun\u0103 \u0219tiin\u021b\u0103 atunci c\u00e2nd completa\u021bi toate formularele online de pe site. Pute\u021bi alege s\u0103 nu ne oferi\u021bi anumite informa\u021bii, \u00eens\u0103 este posibil s\u0103 nu pute\u021bi profita de unele dintre modulele site-ului. Utilizatorii care nu \u0219tiu ce informa\u021bii sunt obligatorii sunt bineveni\u021bi s\u0103 ne contacteze.<\/p>\n<h2>Colectarea informa\u021biilor non-personale<\/h2>\n<p>C\u00e2nd vizita\u021bi site-ul, serverele noastre \u00eenregistreaz\u0103 automat informa\u021biile pe care browserul dvs. le trimite. Aceste date pot include informa\u021bii precum adresa IP a dispozitivului, tipul \u0219i versiune a browserului, tipul \u0219i versiunea de sistem de operare, preferin\u021bele de limb\u0103 sau pagina pe care a\u021bi vizitat-o \u200b\u200b\u00eenainte de a ajunge pe site-ul nostru, paginile site-ului nostru pe care le vizita\u021bi, informa\u021biile pe care le c\u0103uta\u021bi pe site-ul nostru, date de acces \u0219i alte statistici.<\/p>\n<h2>Utilizarea \u0219i prelucrarea informa\u021biilor colectate<\/h2>\n<p>Orice informa\u021bie pe care o colect\u0103m de la dvs. poate fi utilizat\u0103 pentru a v\u0103 personaliza experien\u021ba; \u00eembun\u0103t\u0103\u021birea site-ului nostru; \u00eembun\u0103t\u0103\u021birea serviciului clien\u021bi \u0219i r\u0103spunsul la interog\u0103rile \u0219i e-mailurile clien\u021bilor no\u0219tri; trimitere e-mailuri de notificare, cum ar fi mementouri de parole, actualiz\u0103ri etc Informa\u021biile non-personale colectate sunt utilizate numai pentru a identifica cazurile poten\u021biale de abuz \u0219i pentru a procesa informa\u021bii statistice privind utilizarea site-ului. Aceste informa\u021bii statistice nu sunt colectate \u00een a\u0219a fel \u00eenc\u00e2t s\u0103 identifice un utilizator particular al sistemului.<\/p>\n<h2>Putem procesa informa\u021bii personale referitoare la dvs. dac\u0103 se aplic\u0103 una dintre urm\u0103toarele:<\/h2>\n<ol>\n<li>V-a\u021bi dat consim\u021b\u0103m\u00e2ntul pentru unul sau mai multe scopuri specifice. Re\u021bine\u021bi c\u0103, \u00een anumite legisla\u021bii, ni se poate permite s\u0103 proces\u0103m informa\u021bii p\u00e2n\u0103 c\u00e2nd nu v\u0103 opune\u021bi unei astfel de proces\u0103ri (opt\u00e2nd), f\u0103r\u0103 a mai trebui s\u0103 v\u0103 baza\u021bi pe consim\u021b\u0103m\u00e2nt sau pe oricare dintre urm\u0103toarele legi juridice de mai jos. Cu toate acestea, acest lucru nu se aplic\u0103 atunci c\u00e2nd prelucrarea informa\u021biilor cu caracter personal este supus\u0103 legisla\u021biei europene privind protec\u021bia datelor;<\/li>\n<li>Furnizarea de informa\u021bii este necesar\u0103 pentru \u00eendeplinirea unui acord cu dvs. \u0219i \/ sau pentru orice obliga\u021bii precontractuale ale acestuia;<\/li>\n<li>Procesarea este necesar\u0103 pentru respectarea unei obliga\u021bii legale la care sunte\u021bi supus;<\/li>\n<li>Procesarea este legat\u0103 de o sarcin\u0103 care se desf\u0103\u0219oar\u0103 \u00een interes public sau \u00een exercitarea autorit\u0103\u021bii publice care ne-a fost \u00eencredin\u021bat\u0103;<\/li>\n<li>Prelucrarea este necesar\u0103 \u00een scopul intereselor legitime urm\u0103rite de noi sau de o ter\u021b\u0103 parte. \u00cen orice caz, vom fi deschisi s\u0103 clarific\u0103m temeiul juridic specific care se aplic\u0103 prelucr\u0103rii \u0219i, \u00een special, dac\u0103 furnizarea de date cu caracter personal este o cerin\u021b\u0103 legal\u0103 sau contractual\u0103 sau o cerin\u021b\u0103 necesar\u0103 pentru a \u00eencheia un contract.<\/li>\n<\/ol>\n<h2>Transferul \u0219i stocarea informa\u021biilor<\/h2>\n<p>\u00cen func\u021bie de loca\u021bia dvs., transferurile de date pot implica transferul \u0219i stocarea informa\u021biilor \u00eentr-o alt\u0103 \u021bar\u0103 dec\u00e2t a ta. Ave\u021bi dreptul s\u0103 afla\u021bi despre temeiul juridic al transferurilor de informa\u021bii c\u0103tre o \u021bar\u0103 din afara Uniunii Europene sau la orice organiza\u021bie interna\u021bional\u0103 guvernat\u0103 de dreptul interna\u021bional public sau \u00eenfiin\u021bat\u0103 de dou\u0103 sau mai multe \u021b\u0103ri, cum ar fi ONU, \u0219i despre m\u0103surile de securitate luate de noi pentru a v\u0103 proteja informa\u021biile. \u00cen cazul \u00een care are loc un astfel de transfer, pute\u021bi afla mai multe prin verificarea sec\u021biunilor relevante din acest document sau contacta\u021bi-ne folosind informa\u021biile furnizate \u00een sec\u021biunea de contact.<\/p>\n<h2>Drepturile utilizatorilor<\/h2>\n<p>Pute\u021bi exercita anumite drepturi cu privire la informa\u021biile dvs. procesate de noi. \u00cen special, ave\u021bi dreptul s\u0103 face\u021bi urm\u0103toarele:<\/p>\n<ol>\n<li>ave\u021bi dreptul de a retrage consim\u021b\u0103m\u00e2ntul \u00een cazul \u00een care v-a\u021bi dat anterior consim\u021b\u0103m\u00e2ntul dvs. pentru prelucrarea informa\u021biilor dvs.;<\/li>\n<li>ave\u021bi dreptul de a v\u0103 opune prelucr\u0103rii informa\u021biilor dvs. dac\u0103 prelucrarea este efectuat\u0103 pe un temei juridic diferit de consim\u021b\u0103m\u00e2nt;<\/li>\n<li>ave\u021bi dreptul s\u0103 afla\u021bi dac\u0103 informa\u021biile sunt prelucrate de noi, s\u0103 ob\u021bine\u021bi dezv\u0103luirea cu privire la anumite aspecte ale prelucr\u0103rii \u0219i s\u0103 ob\u021bine\u021bi o copie a informa\u021biilor \u00een curs de procesare;<\/li>\n<li>ave\u021bi dreptul de a verifica corectitudinea informa\u021biilor \u0219i de a solicita actualizarea sau corectarea acestora;<\/li>\n<li>ave\u021bi dreptul, \u00een anumite circumstan\u021be, de a restr\u00e2nge procesarea informa\u021biilor dvs., caz \u00een care nu vom procesa informa\u021biile dvs. \u00een alte scopuri dec\u00e2t stocarea acestora;<\/li>\n<li>ave\u021bi dreptul, \u00een anumite circumstan\u021be, de a ob\u021bine \u0219tergerea datelor dvs. personale de la noi;<\/li>\n<li>ave\u021bi dreptul s\u0103 primi\u021bi informa\u021biile dvs. \u00eentr-un format structurat, utilizat \u00een mod obi\u0219nuit \u0219i lizibil, dac\u0103 este fezabil din punct de vedere ethnic. Aceast\u0103 prevedere este aplicabil\u0103 cu condi\u021bia ca informa\u021biile dvs. s\u0103 fie procesate prin mijloace automatizate \u0219i prelucrarea s\u0103 se bazeze pe consim\u021b\u0103m\u00e2ntul dumneavoastr\u0103, pe un contract la care sunte\u021bi parte sau pe baza unor obliga\u021bii precontractuale ale acesteia.<\/li>\n<\/ol>\n<h2>Dreptul de a va opune prelucr\u0103rii<\/h2>\n<p>\u00cen cazul \u00een care informa\u021biile personale sunt prelucrate \u00een interes public, \u00een exercitarea unei autorit\u0103\u021bi publice care ne-a fost \u00eencredin\u021bat\u0103 sau \u00een scopul intereselor legitime urm\u0103rite de noi, pute\u021bi s\u0103 face\u021bi obiectul unei astfel de prelucr\u0103ri furniz\u00e2nd un motiv legat de situa\u021bia dvs. particular\u0103 pentru a justifica obiec\u0163ia. Cu toate acestea, trebuie s\u0103 \u0219ti\u021bi c\u0103, \u00een cazul \u00een care informa\u021biile dvs. personale vor fi prelucrate \u00een scopuri de marketing direct, pute\u021bi s\u0103 face\u021bi obiectul unei astfel de prelucr\u0103ri \u00een orice moment f\u0103r\u0103 a oferi nici o justificare. Pentru a afla dac\u0103 proces\u0103m informa\u021biile personale \u00een scopuri de marketing direct, pute\u021bi consulta sec\u021biunile relevante din acest document.<\/p>\n<h2>Cum s\u0103 exerci\u021bi aceste drepturi<\/h2>\n<p>Orice solicitare de exercitare a drepturilor de utilizator poate fi direc\u021bionat\u0103 c\u0103tre proprietar prin intermediul detaliilor de contact furnizate \u00een acest document. Aceste solicit\u0103ri pot fi exercitate gratuit \u0219i vor fi adresate de c\u0103tre proprietar c\u00e2t mai cur\u00e2nd posibil \u0219i \u00eentotdeauna \u00een termen maxim de 30 zile calendaristice.<\/p>\n<h2>Confiden\u021bialitatea copiilor<\/h2>\n<p>Nu colect\u0103m cu bun\u0103 \u0219tiin\u021b\u0103 informa\u021bii personale de la copii sub v\u00e2rsta de 13 ani. Dac\u0103 sunte\u021bi sub v\u00e2rsta de 13 ani, nu v\u0103 trimite\u021bi nici o informa\u021bie personal\u0103 prin intermediul site-ului sau al serviciului nostru. \u00cei \u00eencuraj\u0103m pe p\u0103rin\u021bi \u0219i pe tutorii legali s\u0103 monitorizeze utilizarea internetului copiilor lor \u0219i s\u0103 contribuie la aplicarea acestei politici prin instruirea copiilor lor s\u0103 nu furnizeze niciodat\u0103 informa\u021bii personale prin intermediul site-ului sau serviciului nostru f\u0103r\u0103 permisiunea lor. Dac\u0103 ave\u021bi motive s\u0103 crede\u021bi c\u0103 un copil sub v\u00e2rsta de 13 ani ne-a furnizat informa\u021bii personale prin intermediul site-ului sau al serviciului nostru, v\u0103 rug\u0103m s\u0103 ne contacta\u021bi<\/p>\n<h2>Newsletter<strong><br \/>\n<\/strong><\/h2>\n<p>Oferim buletine informative electronice la care v\u0103 pute\u021bi abona \u00een orice moment \u00een mod voluntar. Pute\u021bi s\u0103 renun\u021ba\u021bi la primirea buletinelor de \u0219tiri sau a e-mailurilor de marketing, urm\u00e2nd instruc\u021biunile de dezabonare incluse \u00een aceste e-mailuri sau contact\u00e2nd-ne.<\/p>\n<h2>Cookies<strong><br \/>\n<\/strong><\/h2>\n<p>Site-ul Web https:\/\/imobiliare-herastrau.ro\/ utilizeaz\u0103 cookies pentru a v\u0103 personaliza experien\u021ba online. Un cookie este un fi\u0219ier text care este plasat pe hard disk de c\u0103tre un server de pagini web. Fi\u0219ierele cookie nu pot fi utilizate pentru a rula programe sau pentru a difuza viru\u0219i \u00een computer. Cookie-urile sunt atribuite \u00een mod unic \u0219i pot fi citite numai de un server web din domeniul care a emis cookie-ul pentru dvs. Putem folosi cookie-uri pentru a colecta, stoca \u0219i urm\u0103ri informa\u021bii \u00een scopuri statistice pentru a opera site-ul \u0219i serviciile noastre. Ave\u021bi posibilitatea de a accepta sau de a refuza cookie-urile. Majoritatea browserelor web accept\u0103 \u00een mod automat cookie-urile, dar de obicei pute\u021bi modifica setarea browserului pentru a refuza cookie-urile dac\u0103 prefera\u021bi. Dac\u0103 alege\u021bi s\u0103 refuza\u021bi cookie-urile, este posibil s\u0103 nu pute\u021bi experimenta pe deplin toate modulle site-ului \u0219i ale serviciilor.<\/p>\n<h2>Securitatea informa\u021biilor<\/h2>\n<p>Protej\u0103m informa\u021biile pe care le furniza\u021bi pe serverele furnizorului nostrum de hosting \u00eentr-un mediu protejat, protejat \u00eempotriva accesului neautorizat, utiliz\u0103rii sau dezv\u0103luirii neautorizate. Avem garan\u021bii administrative, tehnice \u0219i fizice rezonabile, \u00eentr-un efort de protec\u021bie \u00eempotriva accesului ilegal, utiliz\u0103rii, modific\u0103rii \u0219i dezv\u0103luirii neautorizate a informa\u021biilor personale in bazele de date de pe serverele noastre puse la dispozitie de providerul nostrum de hosting. Prin urmare, \u00een timp ce depunem eforturi pentru a v\u0103 proteja informa\u021biile personale, recunoa\u0219te\u021bi c\u0103<\/p>\n<ol>\n<li>exist\u0103 restric\u021bii privind securitatea \u0219i confiden\u021bialitatea internetului, care nu \u021bin de controlul nostru;<\/li>\n<li>securitatea, integritatea \u0219i intimitatea oric\u0103ror informa\u021bii \u0219i date schimbate \u00eentre dvs. \u0219i site-ul nostru nu pot fi garantate; \u0219i<\/li>\n<li>orice astfel de informa\u021bii \u0219i date pot fi v\u0103zute sau manipulate \u00een tranzit de c\u0103tre o ter\u021b\u0103 parte, \u00een ciuda celor mai bune eforturi.<\/li>\n<\/ol>\n<h2>\u00cenc\u0103lcarea datelor<\/h2>\n<p>\u00cen cazul \u00een care suntem con\u0219tien\u021bi de faptul c\u0103 securitatea site-ului a fost compromis\u0103 sau c\u0103 informa\u021biile cu caracter personal au fost dezv\u0103luite unor ter\u021be p\u0103r\u021bi independente ca urmare a unei activit\u0103\u021bi externe, inclusiv, dar f\u0103r\u0103 a se limita la, atacuri de securitate sau fraud\u0103, se vor lua m\u0103suri adecvate \u00een mod rezonabil, inclusiv, dar f\u0103r\u0103 a se limita la, investiga\u021bii \u0219i raportare, precum \u0219i notificarea \u0219i cooperarea cu autorit\u0103\u021bile de aplicare a legii. \u00cen cazul unei \u00eenc\u0103lc\u0103ri a datelor, vom depune eforturi rezonabile pentru a notifica persoanele afectate dac\u0103 consider\u0103m c\u0103 exist\u0103 un risc rezonabil de a afecta utilizatorul ca urmare a \u00eenc\u0103lc\u0103rii sau dac\u0103 legea prevede astfel. C\u00e2nd vom face, vom posta o notificare pe site-ul Web \u0219i v\u0103 vom trimite un e-mail.<\/p>\n<h2>Dezv\u0103luirea legal\u0103<\/h2>\n<p>Vom dezv\u0103lui informa\u021biile pe care le colect\u0103m, le folosim sau le primim, dac\u0103 este necesar sau permis de lege, cum ar fi respectarea unei cita\u021bii sau a unui proces legal similar \u0219i c\u00e2nd credem cu bun\u0103 credin\u021b\u0103 c\u0103 dezv\u0103luirea este necesar\u0103 pentru a ne proteja drepturile, sau siguran\u021ba celorlal\u021bi, s\u0103 investigheze frauda sau s\u0103 r\u0103spund\u0103 unei cereri guvernamentale.<\/p>\n<h2>Modific\u0103ri \u0219i modific\u0103ri<\/h2>\n<p>Ne rezerv\u0103m dreptul de a modifica \u00een orice moment aceast\u0103 politic\u0103 de confiden\u021bialitate referitoare la site sau servicii, care este efectiv\u0103 la publicarea unei versiuni actualizate a acestei politici pe site. C\u00e2nd vom face, vom revizui data actualizat\u0103 \u00een partea de jos a acestei pagini. Utilizarea continu\u0103 a site-ului Web dup\u0103 orice astfel de modific\u0103ri va constitui consim\u021b\u0103m\u00e2ntul dvs. pentru astfel de modific\u0103ri.<\/p>\n<h2>Acceptarea acestei politici<\/h2>\n<p>Recunoa\u0219te\u021bi c\u0103 a\u021bi citit aceast\u0103 politic\u0103 \u0219i sunte\u021bi de acord cu to\u021bi termenii \u0219i condi\u021biile acesteia. Utiliz\u00e2nd site-ul Web sau serviciile sale, sunte\u021bi de acord s\u0103 respecta\u021bi aceast\u0103 politic\u0103. Dac\u0103 nu sunte\u021bi de acord s\u0103 respecta\u021bi termenii acestei politici, nu sunte\u021bi autorizat s\u0103 utiliza\u021bi sau s\u0103 accesa\u021bi site-ul \u0219i serviciile sale.<\/p>\n<p style=\"text-align: right;\">Acest document a fost actualizat ultima dat\u0103 pe 24 octombrie 2018<\/p>\n<\/div>\n","protected":false},"excerpt":{"rendered":"<p>Politica de confidentialitate Aceast\u0103 politic\u0103 de confiden\u021bialitate (&#8220;Politica&#8221;) descrie modul \u00een care Operatorul de Internet (&#8220;Site-ul operator&#8221;, &#8220;noi&#8221;, sau &#8220;https:\/\/imobiliare-herastrau.ro\/&#8221;) colecteaz\u0103, protejeaz\u0103 \u0219i utilizeaz\u0103 informa\u021biile personale de identificare ale utilizatorilor pe site-ul https:\/\/imobiliare-herastrau.ro\/ \u0219i pe oricare dintre produsele sau serviciile sale (colectiv &#8220;Site-ul&#8221; sau &#8220;Servicii&#8221;). De asemenea, descrie op\u021biunile pe care le ave\u021bi la dispozi\u021bie [&hellip;]<\/p>\n","protected":false},"author":2,"featured_media":0,"parent":0,"menu_order":0,"comment_status":"closed","ping_status":"closed","template":"page-templates\/full-width.php","meta":[],"_links":{"self":[{"href":"https:\/\/imobiliare-herastrau.ro\/en\/wp-json\/wp\/v2\/pages\/100000000000479"}],"collection":[{"href":"https:\/\/imobiliare-herastrau.ro\/en\/wp-json\/wp\/v2\/pages"}],"about":[{"href":"https:\/\/imobiliare-herastrau.ro\/en\/wp-json\/wp\/v2\/types\/page"}],"author":[{"embeddable":true,"href":"https:\/\/imobiliare-herastrau.ro\/en\/wp-json\/wp\/v2\/users\/2"}],"replies":[{"embeddable":true,"href":"https:\/\/imobiliare-herastrau.ro\/en\/wp-json\/wp\/v2\/comments?post=100000000000479"}],"version-history":[{"count":0,"href":"https:\/\/imobiliare-herastrau.ro\/en\/wp-json\/wp\/v2\/pages\/100000000000479\/revisions"}],"wp:attachment":[{"href":"https:\/\/imobiliare-herastrau.ro\/en\/wp-json\/wp\/v2\/media?parent=100000000000479"}],"curies":[{"name":"wp","href":"https:\/\/api.w.org\/{rel}","templated":true}]}}