{"id":100000000000488,"date":"2018-10-22T12:06:36","date_gmt":"2018-10-22T10:06:36","guid":{"rendered":"https:\/\/imobiliare-herastrau.ro\/?page_id=100000000000488"},"modified":"2018-10-23T10:56:55","modified_gmt":"2018-10-23T08:56:55","slug":"disclaimer","status":"publish","type":"page","link":"https:\/\/imobiliare-herastrau.ro\/en\/disclaimer\/","title":{"rendered":"Disclaimer"},"content":{"rendered":"<h1>Disclaimer<\/h1>\n<p>Aceast\u0103 clauz\u0103 de declinare a responsabilit\u0103\u021bii (&#8220;Declinare de responsabilitate&#8221;, &#8220;Contract&#8221;) este un acord \u00eentre Operatorul WEBSITE-ULUI <strong>https:\/\/imobiliare-herastrau.ro\/<\/strong> (&#8220;Operatorul Website&#8221;, &#8220;Noi&#8221;, sau &#8220;nostru&#8221;) \u0219i dumneavoastr\u0103 (&#8220;Utilizator&#8221;, &#8220;Dvs.&#8221; Aceast\u0103 Declara\u021bie stabile\u0219te regulile generale, termenii \u0219i condi\u021biile de utilizare a site-ului \u0219i a oric\u0103ror produse sau servicii ale acestuia (denumite colectiv &#8220;Site-ul&#8221; sau &#8220;Servicii&#8221;).<\/p>\n<h2>Reprezentare<\/h2>\n<p>Orice opinii sau comentarii reprezentate pe acest site sunt personale \u0219i apar\u021bin exclusiv operatorului site-ului web \u0219i nu reprezint\u0103 persoanele sau institu\u021biile, organiza\u021biile cu care proprietarul poate sau nu poate fi asociat cu o capacitate profesional\u0103 sau personal\u0103, cu excep\u021bia cazurilor \u00een care acest lucru este explicit. Acceptam doar opinii si comentarii care nu inten\u021bioneaz\u0103 s\u0103 afecteze orice religie, grup etnic, club, organiza\u021bie, companie sau individ.<\/p>\n<h2>Con\u021binut \u0219i post\u0103ri<\/h2>\n<p>Pute\u021bi imprima o copie a oric\u0103rei p\u0103r\u021bi a acestui site web pentru uz personal sau necomercial.<\/p>\n<p>Pute\u021bi trimite comentarii pentru con\u021binutul disponibil pe site. Prin \u00eenc\u0103rcarea sau punerea la dispozi\u021bia operatorilor de internet a oric\u0103ror informa\u021bii, \u00eei acorda\u021bi operatorului site-ului dreptul nelimitat \u0219i perpetuu de a distribui, afi\u0219a, publica, reproduce, reutiliza \u0219i copia informa\u021biile con\u021binute \u00een acesta. Nu pute\u021bi posta con\u021binut def\u0103im\u0103tor, fraudulos, obscen, amenin\u021b\u0103tor, invaziv fa\u021b\u0103 de drepturile de confiden\u021bialitate ale altei persoane sau altfel ilegal. Nu pute\u021bi posta con\u021binut care \u00eencalc\u0103 drepturile de proprietate intelectual\u0103 ale oric\u0103rei alte persoane sau entit\u0103\u021bi. Nu pute\u021bi posta con\u021binut care include nici un virus al computerului sau alt cod conceput s\u0103 perturbe, s\u0103 deterioreze sau s\u0103 limiteze func\u021bionarea oric\u0103rui software sau hardware de calculator. Prin trimiterea sau postarea de con\u021binut pe site-ul Web, \u00eei acorda\u021bi dreptul operatorului s\u0103 editeze \u0219i, dac\u0103 este necesar, s\u0103 elimine orice con\u021binut \u00een orice moment \u0219i din orice motiv.<\/p>\n<h2>Desp\u0103gubiri \u0219i garan\u021bii<\/h2>\n<p>Operatorul site-ului garanteaz\u0103 acurate\u021bea, fiabilitatea \u0219i caracterul complet al informa\u021biilor \u0219i con\u021binutului, distribuite prin sau legate, desc\u0103rcate sau accesate de pe acest site. \u00cen plus, informa\u021biile con\u021binute pe site \u0219i orice pagini legate de acesta pot fi modificate \u00een orice moment \u0219i f\u0103r\u0103 avertisment.<\/p>\n<p>Ne rezervam dreptul de a modifica acest Disclaimer in orice moment, in vigoare la postarea unei versiuni actualizate a acestui Disclaimer pe site. C\u00e2nd vom face, vom revizui data actualizat\u0103 \u00een partea de jos a acestei pagini. Utilizarea continu\u0103 a site-ului Web dup\u0103 orice astfel de modific\u0103ri va constitui consim\u021b\u0103m\u00e2ntul dvs. pentru astfel de modific\u0103ri.<\/p>\n<h2>Acceptarea acestei clauze de declinare a responsabilitatii<\/h2>\n<p>Recunoa\u0219te\u021bi c\u0103 a\u021bi citit aceast\u0103 Declara\u021bie de responsabilitate \u0219i sunte\u021bi de acord cu to\u021bi termenii \u0219i condi\u021biile acesteia. Prin accesarea site-ului dvs. sunte\u021bi de acord s\u0103 respecta\u021bi aceast\u0103 Declara\u021bie de responsabilitate. Dac\u0103 nu sunte\u021bi de acord s\u0103 respecta\u021bi termenii acestei Disclaimer, nu sunte\u021bi autorizat s\u0103 utiliza\u021bi sau s\u0103 accesa\u021bi site-ul.<\/p>\n<p style=\"text-align: right;\">Acest document a fost actualizat ultima dat\u0103 pe 3 octombrie 2018<\/p>\n","protected":false},"excerpt":{"rendered":"<p>Disclaimer Aceast\u0103 clauz\u0103 de declinare a responsabilit\u0103\u021bii (&#8220;Declinare de responsabilitate&#8221;, &#8220;Contract&#8221;) este un acord \u00eentre Operatorul WEBSITE-ULUI https:\/\/imobiliare-herastrau.ro\/ (&#8220;Operatorul Website&#8221;, &#8220;Noi&#8221;, sau &#8220;nostru&#8221;) \u0219i dumneavoastr\u0103 (&#8220;Utilizator&#8221;, &#8220;Dvs.&#8221; Aceast\u0103 Declara\u021bie stabile\u0219te regulile generale, termenii \u0219i condi\u021biile de utilizare a site-ului \u0219i a oric\u0103ror produse sau servicii ale acestuia (denumite colectiv &#8220;Site-ul&#8221; sau &#8220;Servicii&#8221;). Reprezentare Orice opinii [&hellip;]<\/p>\n","protected":false},"author":2,"featured_media":0,"parent":0,"menu_order":0,"comment_status":"closed","ping_status":"closed","template":"page-templates\/full-width.php","meta":[],"_links":{"self":[{"href":"https:\/\/imobiliare-herastrau.ro\/en\/wp-json\/wp\/v2\/pages\/100000000000488"}],"collection":[{"href":"https:\/\/imobiliare-herastrau.ro\/en\/wp-json\/wp\/v2\/pages"}],"about":[{"href":"https:\/\/imobiliare-herastrau.ro\/en\/wp-json\/wp\/v2\/types\/page"}],"author":[{"embeddable":true,"href":"https:\/\/imobiliare-herastrau.ro\/en\/wp-json\/wp\/v2\/users\/2"}],"replies":[{"embeddable":true,"href":"https:\/\/imobiliare-herastrau.ro\/en\/wp-json\/wp\/v2\/comments?post=100000000000488"}],"version-history":[{"count":0,"href":"https:\/\/imobiliare-herastrau.ro\/en\/wp-json\/wp\/v2\/pages\/100000000000488\/revisions"}],"wp:attachment":[{"href":"https:\/\/imobiliare-herastrau.ro\/en\/wp-json\/wp\/v2\/media?parent=100000000000488"}],"curies":[{"name":"wp","href":"https:\/\/api.w.org\/{rel}","templated":true}]}}